{"id":85,"date":"2015-02-10T17:08:41","date_gmt":"2015-02-10T17:08:41","guid":{"rendered":"http:\/\/josavin.de\/wordpress\/?page_id=85"},"modified":"2018-07-09T01:35:56","modified_gmt":"2018-07-09T01:35:56","slug":"impressum-kreativer-gitarrenunterricht","status":"publish","type":"page","link":"https:\/\/josavin.de\/wordpress\/impressum-kreativer-gitarrenunterricht\/","title":{"rendered":"Impressum-Kontakt"},"content":{"rendered":"<p>Datenschutz-Hinweis: F\u00fcr Ihre Kontaktaufnahme \u00fcber unsere angegebenen Kontaktdaten (Fax, E-Mail, Postadresse) gilt hinsichtlich des Datenschutzes, der Verarbeitung, Speicherung und ggf. Widerspruch unsere Datenschutzerkl\u00e4rung unter www.josavin.de\/datenschutz.<\/p>\n<p>Kontaktieren k\u00f6nnen Sie mich \u00fcber die unten genannte<br \/>\nTel. Nr. und mail adresse.<\/p>\n<div class=\"impressum\">\n<h1>Impressum<\/h1>\n<p>Angaben gem\u00e4\u00df \u00a7 5 TMG<\/p>\n<p><img loading=\"lazy\" decoding=\"async\" class=\" size-full wp-image-571 alignnone\" src=\"https:\/\/josavin.de\/wordpress\/wp-content\/uploads\/2016\/01\/Absender-JoSav.jpg\" alt=\"Jo Savin Gitarrist\" width=\"200\" height=\"147\" \/><\/p>\n<p><strong>Vertreten durch: <\/strong><br \/>\nJovica Savin<\/p>\n<p><strong>Kontakt:<\/strong><br \/>\n<img loading=\"lazy\" decoding=\"async\" class=\"alignnone size-full wp-image-928\" src=\"https:\/\/josavin.de\/wordpress\/wp-content\/uploads\/2016\/01\/Absender-JoSav.jpg\" alt=\"\" width=\"200\" height=\"147\" srcset=\"https:\/\/josavin.de\/wordpress\/wp-content\/uploads\/2016\/01\/Absender-JoSav.jpg 200w, https:\/\/josavin.de\/wordpress\/wp-content\/uploads\/2016\/01\/Absender-JoSav-150x110.jpg 150w\" sizes=\"auto, (max-width: 200px) 100vw, 200px\" \/><\/p>\n<p><strong>Umsatzsteuer-ID: <\/strong><br \/>\nUmsatzsteuer-Identifikationsnummer gem\u00e4\u00df \u00a727a Umsatzsteuergesetz: DE273750037<\/p>\n<p><strong>Verantwortlich f\u00fcr den Inhalt nach \u00a7 55 Abs. 2 RStV:<\/strong><\/p>\n<p><img loading=\"lazy\" decoding=\"async\" class=\"alignnone size-full wp-image-928\" src=\"https:\/\/josavin.de\/wordpress\/wp-content\/uploads\/2016\/01\/Absender-JoSav.jpg\" alt=\"\" width=\"200\" height=\"147\" srcset=\"https:\/\/josavin.de\/wordpress\/wp-content\/uploads\/2016\/01\/Absender-JoSav.jpg 200w, https:\/\/josavin.de\/wordpress\/wp-content\/uploads\/2016\/01\/Absender-JoSav-150x110.jpg 150w\" sizes=\"auto, (max-width: 200px) 100vw, 200px\" \/><\/p>\n<p><strong>Haftungsausschluss: <\/strong><\/p>\n<p><strong>Haftung f\u00fcr Inhalte<\/strong><\/p>\n<p>Die Inhalte unserer Seiten wurden mit gr\u00f6\u00dfter Sorgfalt erstellt. F\u00fcr die Richtigkeit, Vollst\u00e4ndigkeit und Aktualit\u00e4t der Inhalte k\u00f6nnen wir jedoch keine Gew\u00e4hr \u00fcbernehmen. Als Diensteanbieter sind wir gem\u00e4\u00df \u00a7 7 Abs.1 TMG f\u00fcr eigene Inhalte auf diesen Seiten nach den allgemeinen Gesetzen verantwortlich. Nach \u00a7\u00a7 8 bis 10 TMG sind wir als Diensteanbieter jedoch nicht verpflichtet, \u00fcbermittelte oder gespeicherte fremde Informationen zu \u00fcberwachen oder nach Umst\u00e4nden zu forschen, die auf eine rechtswidrige T\u00e4tigkeit hinweisen. Verpflichtungen zur Entfernung oder Sperrung der Nutzung von Informationen nach den allgemeinen Gesetzen bleiben hiervon unber\u00fchrt. Eine diesbez\u00fcgliche Haftung ist jedoch erst ab dem Zeitpunkt der Kenntnis einer konkreten Rechtsverletzung m\u00f6glich. Bei Bekanntwerden von entsprechenden Rechtsverletzungen werden wir diese Inhalte umgehend entfernen.<\/p>\n<p><strong>Haftung f\u00fcr Links<\/strong><\/p>\n<p>Unser Angebot enth\u00e4lt Links zu externen Webseiten Dritter, auf deren Inhalte wir keinen Einfluss haben. Deshalb k\u00f6nnen wir f\u00fcr diese fremden Inhalte auch keine Gew\u00e4hr \u00fcbernehmen. F\u00fcr die Inhalte der verlinkten Seiten ist stets der jeweilige Anbieter oder Betreiber der Seiten verantwortlich. Die verlinkten Seiten wurden zum Zeitpunkt der Verlinkung auf m\u00f6gliche Rechtsverst\u00f6\u00dfe \u00fcberpr\u00fcft. Rechtswidrige Inhalte waren zum Zeitpunkt der Verlinkung nicht erkennbar. Eine permanente inhaltliche Kontrolle der verlinkten Seiten ist jedoch ohne konkrete Anhaltspunkte einer Rechtsverletzung nicht zumutbar. Bei Bekanntwerden von Rechtsverletzungen werden wir derartige Links umgehend entfernen.<\/p>\n<p><strong>Urheberrecht<\/strong><\/p>\n<p>Die durch die Seitenbetreiber erstellten Inhalte und Werke auf diesen Seiten unterliegen dem deutschen Urheberrecht. Die Vervielf\u00e4ltigung, Bearbeitung, Verbreitung und jede Art der Verwertung au\u00dferhalb der Grenzen des Urheberrechtes bed\u00fcrfen der schriftlichen Zustimmung des jeweiligen Autors bzw. Erstellers. Downloads und Kopien dieser Seite sind nur f\u00fcr den privaten, nicht kommerziellen Gebrauch gestattet. Soweit die Inhalte auf dieser Seite nicht vom Betreiber erstellt wurden, werden die Urheberrechte Dritter beachtet. Insbesondere werden Inhalte Dritter als solche gekennzeichnet. Sollten Sie trotzdem auf eine Urheberrechtsverletzung aufmerksam werden, bitten wir um einen entsprechenden Hinweis. Bei Bekanntwerden von Rechtsverletzungen werden wir derartige Inhalte umgehend entfernen.<\/p>\n<p>Website Impressum erstellt durch <a href=\"https:\/\/www.impressum-generator.de\">impressum-generator.de<\/a> von der <a href=\"https:\/\/www.kanzlei-hasselbach.de\/\">Kanzlei Hasselbach<\/a><\/p>\n<\/div>\n","protected":false},"excerpt":{"rendered":"<p>Datenschutz-Hinweis: F\u00fcr Ihre Kontaktaufnahme \u00fcber unsere angegebenen Kontaktdaten (Fax, E-Mail, Postadresse) gilt hinsichtlich des Datenschutzes,\u2026<\/p>\n<p> <a class=\"continue-reading-link\" href=\"https:\/\/josavin.de\/wordpress\/impressum-kreativer-gitarrenunterricht\/\"><span>weter lesen<\/span><i class=\"crycon-right-dir\"><\/i><\/a> <\/p>\n","protected":false},"author":2,"featured_media":0,"parent":0,"menu_order":6,"comment_status":"closed","ping_status":"closed","template":"","meta":{"footnotes":""},"class_list":["post-85","page","type-page","status-publish","hentry"],"_links":{"self":[{"href":"https:\/\/josavin.de\/wordpress\/wp-json\/wp\/v2\/pages\/85","targetHints":{"allow":["GET"]}}],"collection":[{"href":"https:\/\/josavin.de\/wordpress\/wp-json\/wp\/v2\/pages"}],"about":[{"href":"https:\/\/josavin.de\/wordpress\/wp-json\/wp\/v2\/types\/page"}],"author":[{"embeddable":true,"href":"https:\/\/josavin.de\/wordpress\/wp-json\/wp\/v2\/users\/2"}],"replies":[{"embeddable":true,"href":"https:\/\/josavin.de\/wordpress\/wp-json\/wp\/v2\/comments?post=85"}],"version-history":[{"count":36,"href":"https:\/\/josavin.de\/wordpress\/wp-json\/wp\/v2\/pages\/85\/revisions"}],"predecessor-version":[{"id":1022,"href":"https:\/\/josavin.de\/wordpress\/wp-json\/wp\/v2\/pages\/85\/revisions\/1022"}],"wp:attachment":[{"href":"https:\/\/josavin.de\/wordpress\/wp-json\/wp\/v2\/media?parent=85"}],"curies":[{"name":"wp","href":"https:\/\/api.w.org\/{rel}","templated":true}]}}