{"id":13,"date":"2015-02-06T19:46:23","date_gmt":"2015-02-06T19:46:23","guid":{"rendered":"http:\/\/josavin.de\/wordpress\/?page_id=13"},"modified":"2023-09-05T22:05:17","modified_gmt":"2023-09-05T22:05:17","slug":"gitarrenunterricht-frankfurt","status":"publish","type":"page","link":"https:\/\/josavin.de\/wordpress\/gitarrenunterricht-frankfurt\/","title":{"rendered":"Gitarrenunterricht"},"content":{"rendered":"<h2><strong><img loading=\"lazy\" decoding=\"async\" class=\"aligncenter wp-image-404 size-full\" src=\"https:\/\/josavin.de\/wordpress\/wp-content\/uploads\/2015\/02\/Bildschirmfoto-2015-02-22-um-02.58.23.png\" alt=\"Bildschirmfoto 2015-02-22 um 02.58.23\" width=\"71\" height=\"76\" \/><\/strong><\/h2>\n<h3>\u2022 privater Gitarrenunterricht nach telefonischer Vereinbarung<strong><br \/>\n<\/strong><\/h3>\n<p>Suchst du Unterst\u00fctzung beim Gitarrenlernen?<br \/>\n<div class=\"su-row\">\n<div class=\"su-column su-column-size-1-5\"><div class=\"su-column-inner su-u-clearfix su-u-trim\"> <img loading=\"lazy\" decoding=\"async\" class=\"wp-image-544 size-full alignleft\" src=\"https:\/\/josavin.de\/wordpress\/wp-content\/uploads\/2015\/05\/JoSavin_heavymetall-150x1221.jpg\" alt=\"Gitarrenunterricht Kinder und Erwachsene\" width=\"150\" height=\"122\" \/><br \/>\n<\/div><\/div>\n<div class=\"su-column su-column-size-4-5\"><div class=\"su-column-inner su-u-clearfix su-u-trim\">\n<div class=\"testbildinbox\">Interessierst du dich f\u00fcr strukturiertes Lernen?<br \/>\nSpielst du mit dem Gedanken, endlich mit dem Gitarrenspiel anzufangen?<br \/>\nIst dein Gitarrenbuch doch nicht so verst\u00e4ndlich, wie es versprach zu sein?<br \/>\nIrritiert es dich, dass in den Tutorials die du dir anschaust jeder etwas anderes erz\u00e4hlt?<br \/>\nM\u00f6chtest du sinnvolle Sachen lernen, welche deinen Lernerfolg f\u00f6rdern?<br \/>\nWenn ja, nur so aus Spa\u00df, f\u00fcr Zuhause?<br \/>\nOder denkst du insgeheim daran, als Gitarrist\/In in einer Band zu spielen?<br \/>\nDu bist dir nicht sicher ob Gitarrespielen etwas f\u00fcr dich ist, weil du glaubst:<br \/>\n-da\u00df du zu kleine H\u00e4nde hast,<br \/>\n-zu gro\u00dfe H\u00e4nde hast,<br \/>\n-zu unmusikalisch bist,<br \/>\n-zu alt zu sein um jetzt noch anzufangen?<br \/>\n-zu jung zu sein um mit der E-Gitarre anzufangen?<br \/>\n-erst die klassische Gitarre perfekt beherrschen zu m\u00fcssen, bevor du zur E-Gitarre \u00fcbergehst um abzurocken?<br \/>\n-weil dich alleine das Wort <em>Musikunterricht<\/em><br \/>\nan deinen Schulunterricht erinnert, und dich erschaudern l\u00e4sst?<br \/>\n\u00c4hnliche Fragen wie oben sind an der Tagesordnung bei angehenden Sch\u00fclern. Es gibt keine komischen Fragen. Es existieren in der Tat verschiedene Ans\u00e4tze, es existiert ein \u00dcberangebot an Information, Tutorials und Meinungen. Das Problem ist weniger die Information. Die Schwierigkeit liegt vielmehr darin, aus dem vorhandenen Angebot das Wesentliche herauszufiltern.<\/div>\n<\/div><\/div>\n<\/div>\n<h4><img loading=\"lazy\" decoding=\"async\" class=\"alignleft wp-image-46 size-medium\" src=\"https:\/\/josavin.de\/wordpress\/wp-content\/uploads\/2015\/02\/FUFSL_01-300x135.jpg\" alt=\"FUFSL_01\" width=\"300\" height=\"135\" srcset=\"https:\/\/josavin.de\/wordpress\/wp-content\/uploads\/2015\/02\/FUFSL_01-300x135.jpg 300w, https:\/\/josavin.de\/wordpress\/wp-content\/uploads\/2015\/02\/FUFSL_01-250x112.jpg 250w, https:\/\/josavin.de\/wordpress\/wp-content\/uploads\/2015\/02\/FUFSL_01-150x67.jpg 150w, https:\/\/josavin.de\/wordpress\/wp-content\/uploads\/2015\/02\/FUFSL_01.jpg 490w\" sizes=\"auto, (max-width: 300px) 100vw, 300px\" \/>Als Starter\/ Gitarrist mit weniger Erfahrung<\/h4>\n<p>bekommst du bei mir individuellen Gitarrenunterricht, der deine n\u00e4chsten Schritte vereinfachen soll. Dein Lerntempo h\u00e4ngt von dir ab. Wir k\u00f6nnen es locker angehen lassen, du wirst aber feststellen da\u00df es mehr Spa\u00df macht, wenn du deine Sicherheitszone verl\u00e4sst und dich mehr traust. Wenn Du bereits mehr Erfahrung hast, l\u00e4nger spielst, und mehr Fragen hast z.B zum Thema <em>ImprovisationSkalaDorischLydischSonstwas<\/em> bekommst du diese beantwortet. Du kannst mit deiner E-Gitarre anr\u00fccken, oder vielleicht doch lieber mit der akustischen. Da\u00df du eventuell zu alt sein k\u00f6nntest um anzufangen, schl\u00e4gst du dir am besten aus den Kopf. Es gibt Hobbymusiker die im Rentenalter anfangen zu spielen &#8211; es ist nie zu sp\u00e4t. Und da\u00df dein bevorzugter Musikgeschmack kein Geh\u00f6r findet, mu\u00df du dir auch keine Sorgen machen. Ich hatte bereits kleine Gitarrenhelden, als auch \u00e4ltere und Sp\u00e4teinsteiger. Die Songw\u00fcnsche reichten von Kinderlied, Soundtrack, Wanderlied bis Blues, Jazz, Rock&#8230;<br \/>\nDas wichtigste ist es allerdings auf lange Sicht: Zu lernen wie du alleine, ohne Lehrer zurecht kommst.<\/p>\n<p>&nbsp;<\/p>\n<h4><strong><img loading=\"lazy\" decoding=\"async\" class=\"alignleft wp-image-444 size-full\" src=\"https:\/\/josavin.de\/wordpress\/wp-content\/uploads\/2015\/02\/katzenmoll-200x162.png\" alt=\"katzenmoll-200x162\" width=\"200\" height=\"162\" srcset=\"https:\/\/josavin.de\/wordpress\/wp-content\/uploads\/2015\/02\/katzenmoll-200x162.png 200w, https:\/\/josavin.de\/wordpress\/wp-content\/uploads\/2015\/02\/katzenmoll-200x162-185x150.png 185w, https:\/\/josavin.de\/wordpress\/wp-content\/uploads\/2015\/02\/katzenmoll-200x162-150x122.png 150w\" sizes=\"auto, (max-width: 200px) 100vw, 200px\" \/><\/strong>Gitarrenunterricht f\u00fcr Kinder ab 9. Jahren, Starter lernen:<\/h4>\n<ol>\n<li>Basiswissen<\/li>\n<li>Spielen einfacher Melodien<\/li>\n<li>Liedbegleitung<\/li>\n<li>Einstieg ins Notenlesen<\/li>\n<li>Rhythmische Grundlagen<\/li>\n<\/ol>\n<h4>Gitarrenunterricht f\u00fcr Jugendliche und Erwachsene \u2013 Gitarrenunterricht f\u00fcr Anf\u00e4nger und Fortgeschrittene, von Angesicht zu Angesicht, aber auch \u00fcber SKYPE.<img loading=\"lazy\" decoding=\"async\" class=\"alignright wp-image-59 size-full\" src=\"https:\/\/josavin.de\/wordpress\/wp-content\/uploads\/2015\/02\/jotestjpgfade.jpg\" alt=\"jotestjpgfade\" width=\"300\" height=\"225\" \/><\/h4>\n<p>-Deine Lerninhalte stelle ich f\u00fcr dich individuell zusammen.<br \/>\n-Dein K\u00f6nnen und deine Ziele bestimmen, was du lernst.<br \/>\n-Deine Songw\u00fcnsche ber\u00fccksichtige ich, versprochen.<br \/>\n-Fragst du dich, wie du was, in welcher Reihenfolge \u00fcben muss?<br \/>\n-Wenn du interessiert und musikneugierig bist, aber nicht wei\u00dft welchen Schritt du als n\u00e4chsten machen sollst, f\u00fchre ich dich durch den Dickicht der vorhandenen \u00dcberinformationen.<br \/>\n-Du bekommst Hilfe zur Selbsthilfe.<br \/>\nLaufen, bzw \u00dcben muss du selbst, denn die Musik ist eine Reise &#8211;<br \/>\n<em>deine<\/em> pers\u00f6nliche musikalische Reise!<\/p>\n<p>Noten, oder keine Noten? Immer wieder diese Gretchenfrage. Am Anfang mu\u00df du nicht. Je mehr du aber machst, desto mehr wirst du dir w\u00fcnschen, es zu k\u00f6nnen. Das hilft ungemein, selbst\u00e4ndig weiter zu lernen.<\/p>\n<p><img loading=\"lazy\" decoding=\"async\" class=\"alignleft size-full wp-image-1232\" src=\"https:\/\/josavin.de\/wordpress\/wp-content\/uploads\/2023\/09\/10-Themen-um-besser-Gitarre-zu-spielen-Jo-Savin.jpg\" alt=\"Jo Savin professioneller Gitarrenunterrcht, E und Akustische Gitarre, Frankfurt Nordendnterricht in Frankfurt Nordend\" width=\"800\" height=\"1658\" srcset=\"https:\/\/josavin.de\/wordpress\/wp-content\/uploads\/2023\/09\/10-Themen-um-besser-Gitarre-zu-spielen-Jo-Savin.jpg 800w, https:\/\/josavin.de\/wordpress\/wp-content\/uploads\/2023\/09\/10-Themen-um-besser-Gitarre-zu-spielen-Jo-Savin-145x300.jpg 145w, https:\/\/josavin.de\/wordpress\/wp-content\/uploads\/2023\/09\/10-Themen-um-besser-Gitarre-zu-spielen-Jo-Savin-494x1024.jpg 494w, https:\/\/josavin.de\/wordpress\/wp-content\/uploads\/2023\/09\/10-Themen-um-besser-Gitarre-zu-spielen-Jo-Savin-768x1592.jpg 768w, https:\/\/josavin.de\/wordpress\/wp-content\/uploads\/2023\/09\/10-Themen-um-besser-Gitarre-zu-spielen-Jo-Savin-741x1536.jpg 741w, https:\/\/josavin.de\/wordpress\/wp-content\/uploads\/2023\/09\/10-Themen-um-besser-Gitarre-zu-spielen-Jo-Savin-72x150.jpg 72w\" sizes=\"auto, (max-width: 800px) 100vw, 800px\" \/><\/p>\n<p>&nbsp;<\/p>\n<h3><\/h3>\n<h3><\/h3>\n<h3><\/h3>\n<h3><\/h3>\n<h3><\/h3>\n<h3><\/h3>\n<h3><\/h3>\n<h3><\/h3>\n<h3><\/h3>\n<h3><\/h3>\n<h3><\/h3>\n<h3><\/h3>\n<h3><\/h3>\n<h3><\/h3>\n<h3><\/h3>\n<h3><\/h3>\n<h3><\/h3>\n<h3><\/h3>\n<h3><\/h3>\n<h3><\/h3>\n<h3>Bei Interesse am Unterricht (auch per SKYPE), n\u00e4here Infos telefonisch unter: 01590 1160131<br \/>\noder per mail: inf<!-- abc@def -->o(at)<!-- abc@def -->josa<!-- abc@def -->vin.de<\/h3>\n<h2><\/h2>\n","protected":false},"excerpt":{"rendered":"<p>\u2022 privater Gitarrenunterricht nach telefonischer Vereinbarung Suchst du Unterst\u00fctzung beim Gitarrenlernen? Als Starter\/ Gitarrist mit\u2026<\/p>\n<p> <a class=\"continue-reading-link\" href=\"https:\/\/josavin.de\/wordpress\/gitarrenunterricht-frankfurt\/\"><span>weter lesen<\/span><i class=\"crycon-right-dir\"><\/i><\/a> <\/p>\n","protected":false},"author":2,"featured_media":0,"parent":0,"menu_order":3,"comment_status":"closed","ping_status":"closed","template":"templates\/template-twocolumns-right.php","meta":{"footnotes":""},"class_list":["post-13","page","type-page","status-publish","hentry"],"_links":{"self":[{"href":"https:\/\/josavin.de\/wordpress\/wp-json\/wp\/v2\/pages\/13","targetHints":{"allow":["GET"]}}],"collection":[{"href":"https:\/\/josavin.de\/wordpress\/wp-json\/wp\/v2\/pages"}],"about":[{"href":"https:\/\/josavin.de\/wordpress\/wp-json\/wp\/v2\/types\/page"}],"author":[{"embeddable":true,"href":"https:\/\/josavin.de\/wordpress\/wp-json\/wp\/v2\/users\/2"}],"replies":[{"embeddable":true,"href":"https:\/\/josavin.de\/wordpress\/wp-json\/wp\/v2\/comments?post=13"}],"version-history":[{"count":108,"href":"https:\/\/josavin.de\/wordpress\/wp-json\/wp\/v2\/pages\/13\/revisions"}],"predecessor-version":[{"id":695,"href":"https:\/\/josavin.de\/wordpress\/wp-json\/wp\/v2\/pages\/13\/revisions\/695"}],"wp:attachment":[{"href":"https:\/\/josavin.de\/wordpress\/wp-json\/wp\/v2\/media?parent=13"}],"curies":[{"name":"wp","href":"https:\/\/api.w.org\/{rel}","templated":true}]}}