{"id":11,"date":"2015-02-06T19:46:09","date_gmt":"2015-02-06T19:46:09","guid":{"rendered":"http:\/\/josavin.de\/wordpress\/?page_id=11"},"modified":"2025-12-11T22:31:49","modified_gmt":"2025-12-11T22:31:49","slug":"musikprojekte-funk-rock-jazz-aus-frankfurt","status":"publish","type":"page","link":"https:\/\/josavin.de\/wordpress\/musikprojekte-funk-rock-jazz-aus-frankfurt\/","title":{"rendered":"Musikprojekte"},"content":{"rendered":"<h2>Musikprojekte: Funk-Rock-Jazz aus Frankfurt<\/h2>\n<p>Das Musikprojekt Funk-Rock-Jazz gibt es seit \u00fcber 15 Jahren. Die Frankfurter Band <strong>Funksion <\/strong>spielt in unterschiedlichen Besetzungen Funk, Rock, und\u00a0Jazz Songs aus dem riesigen Fundus der Musikgeschichte. Die Band hat ein gro\u00dfes Repertoire an bekannten St\u00fccke aus verschiedenen Epochen. Dar\u00fcber hinaus nehmen die Bandmitglieder ebenfalls die Herausforderung an, weniger bekannte St\u00fccke aus der Vergessenheit herauszuholen. Von etwas leiser bis ganz sch\u00f6n groovig und laut.<\/p>\n<div class=\"su-row\">\n<div class=\"su-column su-column-size-1-2\"><div class=\"su-column-inner su-u-clearfix su-u-trim\"> <strong>Aktuelle Besetzung<\/strong>: Lars Droese-Tenorsax, Uwe Jakobi-Keyboard, Jo Savin -Gitarre, Michael Germroth-Drums, Thore Benz-Bass leitet die Band. <\/div><\/div>\n<div class=\"su-column su-column-size-1-2\"><div class=\"su-column-inner su-u-clearfix su-u-trim\">\n<strong>Das Repertoire<\/strong><br \/>\nUnser Repertoire umfasst St\u00fccke von Herbie Hancock, Marcus Miller, Brecker Brothers, John Scofield, Yellowjackets, Joe Zawinul, Bob Berg, Chick Corea, Russell Ferrante, Billy Cobham, etc., das wir gelegentlich ergenzen oder umstellen. Wir spielen in unregelm\u00e4\u00dfigen Abst\u00e4nden in Frankfurt und Umgebung. \u00d6fter auf dem Waggong Sommerfest, manchmal auf dem Museumsuferfest und traten in letzten Jahren im Kulturcaf\u00e9 <a href=\"https:\/\/windrose-oberursel.de\">Windrose<\/a> <\/div><\/div>\n<\/div>\n<h2 style=\"text-align: center;\">E-ma<!-- abc@def -->il: in<!-- abc@def -->fo(at)j<!-- abc@def -->osavi<!-- abc@def -->n.de<\/h2>\n<p>&nbsp;<\/p>\n<p style=\"text-align: center;\">Funksion live:<\/p>\n<h2 style=\"text-align: center;\"><strong>Aktuelle Termine 2025<\/strong><\/h2>\n<p style=\"text-align: center;\"><strong>Sonntag 14.12 2025<\/strong><\/p>\n<p style=\"text-align: center;\"><strong><br \/>\nKULTURWERKSTATTKONZERT<br \/>\nin der BROTFABRIK\u00a0 FRANKFURT<br \/>\n<\/strong>Bachmannstr. 2-4<br \/>\n60488 Frankfurt am Main<strong><br \/>\n19 Uhr<\/strong><br \/>\nEintritt frei<strong><br \/>\n<\/strong>F\u00fcr alle die sich zur Zeit an Weihnachtsliedern satt geh\u00f6rt haben.<br \/>\nWer zur Abwechslung etwas groovige Funk und Fusion Musik h\u00f6ren m\u00f6chte, kann gerne vorbeikommen!\u00a0<strong><br \/>\n<div class=\"su-row\">\n<div class=\"su-column su-column-size-1-5\"><div class=\"su-column-inner su-u-clearfix su-u-trim\">.<\/div><\/div>\n<div class=\"su-column su-column-size-3-5\"><div class=\"su-column-inner su-u-clearfix su-u-trim\"><\/strong><\/p>\n<div style=\"width: 900px;\" class=\"wp-video\"><video class=\"wp-video-shortcode\" id=\"video-11-1\" width=\"900\" height=\"506\" preload=\"metadata\" controls=\"controls\"><source type=\"video\/mp4\" src=\"https:\/\/josavin.de\/wordpress\/wp-content\/uploads\/2025\/12\/Funksion-12.2025.mp4?_=1\" \/><a href=\"https:\/\/josavin.de\/wordpress\/wp-content\/uploads\/2025\/12\/Funksion-12.2025.mp4\">https:\/\/josavin.de\/wordpress\/wp-content\/uploads\/2025\/12\/Funksion-12.2025.mp4<\/a><\/video><\/div>\n<p style=\"text-align: center;\"><strong><\/div><\/div>\n<\/strong><strong><div class=\"su-column su-column-size-1-5\"><div class=\"su-column-inner su-u-clearfix su-u-trim\">\n.<\/div><\/div>\n<\/div>\n<\/strong><\/p>\n<p>&nbsp;<\/p>\n<p style=\"text-align: center;\"><strong>Sonntag 26.10.2025<br \/>\nWAGGONG\u00a0 FRANKFURT<\/strong><\/p>\n<h2 style=\"text-align: center;\"><strong>Termine 2024<\/strong><\/h2>\n<p style=\"text-align: center;\"><strong>Samstag 29.06.2024 <\/strong><\/p>\n<p style=\"text-align: center;\"><strong>SOMMERFEST HINTERM BUNKER WAGGONG<br \/>\n<\/strong><\/p>\n<p><img loading=\"lazy\" decoding=\"async\" class=\"size-full wp-image-1216 aligncenter\" src=\"https:\/\/josavin.de\/wordpress\/wp-content\/uploads\/2022\/10\/Funksion-Plakat-2022.jpg\" alt=\"Funksion-Jazzrock aus Frankfurt, Plakat\" width=\"702\" height=\"993\" srcset=\"https:\/\/josavin.de\/wordpress\/wp-content\/uploads\/2022\/10\/Funksion-Plakat-2022.jpg 702w, https:\/\/josavin.de\/wordpress\/wp-content\/uploads\/2022\/10\/Funksion-Plakat-2022-212x300.jpg 212w, https:\/\/josavin.de\/wordpress\/wp-content\/uploads\/2022\/10\/Funksion-Plakat-2022-106x150.jpg 106w\" sizes=\"auto, (max-width: 702px) 100vw, 702px\" \/><\/p>\n<h2 style=\"text-align: center;\"><strong>Termine 2023<\/strong><\/h2>\n<p style=\"text-align: center;\"><strong>SOMMERFEST HINTERM BUNKER WAGGONG<\/strong><\/p>\n<h2 style=\"text-align: center;\"><strong>Termine 2022<\/strong><\/h2>\n<p style=\"text-align: center;\"><strong>Sonntag 16. 10. 2022 Windrose Oberusel<br \/>\n<\/strong><\/p>\n<p>&nbsp;<\/p>\n<h2 style=\"text-align: center;\"><strong>Termine 2019<\/strong><\/h2>\n<p style=\"text-align: center;\"><strong>Waggong Konzerte Herbst\/Winter 2019<br \/>\n<\/strong>Brotfabrik<\/p>\n<p style=\"text-align: center;\"><strong><br \/>\nPsychologen Congress April 2019<br \/>\n<\/strong>Geschlossene Gesellschaft<\/p>\n<h2 style=\"text-align: center;\"><strong>Termine 2018<\/strong><\/h2>\n<p style=\"text-align: center;\"><strong>Museumsuferfest August 2018<\/strong><\/p>\n<p style=\"text-align: center;\">26.08 Holbeinsteg (am Sachsenh\u00e4user Ufer), RADIO-X B\u00fchne, 19.00 Uhr<\/p>\n<p style=\"text-align: center;\"><a href=\"http:\/\/www.virusmusik.de\">N\u00e4here Infos: Virusmusik<\/a><\/p>\n<p style=\"text-align: center;\"><a title=\"Artcafe Macondo\" href=\"http:\/\/www.artcafe-macondo.de\/\" target=\"_blank\" rel=\"noopener noreferrer\">\u00a0<\/a><strong><a title=\"Artcafe Macondo\" href=\"http:\/\/www.artcafe-macondo.de\/\" target=\"_blank\" rel=\"noopener noreferrer\">Macondo Artcafe<\/a> Oberursel 13.05 2018<\/strong><\/p>\n<p style=\"text-align: center;\"><img loading=\"lazy\" decoding=\"async\" class=\"alignnone wp-image-987 size-full\" title=\"Funksion, Band aus Frankfurt, Jazz-Rock, Fusion, Funk\" src=\"https:\/\/josavin.de\/wordpress\/wp-content\/uploads\/2015\/02\/Funksion-Plakat-2018www.jpg\" alt=\"Funksion Jazz Rock und Fusion aus Frankfurt\" width=\"702\" height=\"993\" srcset=\"https:\/\/josavin.de\/wordpress\/wp-content\/uploads\/2015\/02\/Funksion-Plakat-2018www.jpg 702w, https:\/\/josavin.de\/wordpress\/wp-content\/uploads\/2015\/02\/Funksion-Plakat-2018www-212x300.jpg 212w, https:\/\/josavin.de\/wordpress\/wp-content\/uploads\/2015\/02\/Funksion-Plakat-2018www-106x150.jpg 106w\" sizes=\"auto, (max-width: 702px) 100vw, 702px\" \/><\/p>\n<p style=\"text-align: center;\"><strong>Macondo Artcafe Oberursel 05.2017<\/strong><\/p>\n<p style=\"text-align: center;\"><a href=\"https:\/\/josavin.de\/wordpress\/wp-content\/uploads\/2015\/02\/Funsion_Funk-Fusion-Jazzrock-Frankfurt_design_www.groovygrafillero.de_.jpg\" target=\"_blank\" rel=\"noopener noreferrer\"><img loading=\"lazy\" decoding=\"async\" class=\"aligncenter wp-image-974 size-full\" src=\"https:\/\/josavin.de\/wordpress\/wp-content\/uploads\/2015\/02\/Funsion_Funk-Fusion-Jazzrock-Frankfurt_design_www.groovygrafillero.de_.jpg\" alt=\"Funksion_Bandplakat 2017_Jazzrock, Funk, Fusion_design_www.groovygrafillero.de\" width=\"702\" height=\"993\" srcset=\"https:\/\/josavin.de\/wordpress\/wp-content\/uploads\/2015\/02\/Funsion_Funk-Fusion-Jazzrock-Frankfurt_design_www.groovygrafillero.de_.jpg 702w, https:\/\/josavin.de\/wordpress\/wp-content\/uploads\/2015\/02\/Funsion_Funk-Fusion-Jazzrock-Frankfurt_design_www.groovygrafillero.de_-212x300.jpg 212w, https:\/\/josavin.de\/wordpress\/wp-content\/uploads\/2015\/02\/Funsion_Funk-Fusion-Jazzrock-Frankfurt_design_www.groovygrafillero.de_-106x150.jpg 106w\" sizes=\"auto, (max-width: 702px) 100vw, 702px\" \/><\/a><\/p>\n<p style=\"text-align: center;\"><strong>Kloster Altenberg bei Wetzlar 05.2017<br \/>\n<\/strong><\/p>\n<h2 style=\"text-align: center;\"><strong>Termine 2016<\/strong><\/h2>\n<p style=\"text-align: center;\"><strong>Museumsuferfest Frankfurt 28.08.2016<\/strong><\/p>\n<div id=\"attachment_949\" style=\"width: 1010px\" class=\"wp-caption aligncenter\"><a href=\"http:\/\/www.mediathek-hessen.de\/medienview_14560_MOK-Rhein-Main-Museumsuferfest-2016-Funksion.html\" target=\"_blank\" rel=\"noopener noreferrer\"><img loading=\"lazy\" decoding=\"async\" aria-describedby=\"caption-attachment-949\" class=\"wp-image-949 size-full\" src=\"https:\/\/josavin.de\/wordpress\/wp-content\/uploads\/2015\/02\/MUF-2016.jpg\" alt=\"Mainuferfest 2016, Konzert FUF, Funk und Fusion Frankfurt\" width=\"1000\" height=\"667\" srcset=\"https:\/\/josavin.de\/wordpress\/wp-content\/uploads\/2015\/02\/MUF-2016.jpg 1000w, https:\/\/josavin.de\/wordpress\/wp-content\/uploads\/2015\/02\/MUF-2016-300x200.jpg 300w, https:\/\/josavin.de\/wordpress\/wp-content\/uploads\/2015\/02\/MUF-2016-225x150.jpg 225w, https:\/\/josavin.de\/wordpress\/wp-content\/uploads\/2015\/02\/MUF-2016-150x100.jpg 150w\" sizes=\"auto, (max-width: 1000px) 100vw, 1000px\" \/><\/a><p id=\"caption-attachment-949\" class=\"wp-caption-text\"><a href=\"http:\/\/www.mediathek-hessen.de\/medienview_14560_MOK-Rhein-Main-Museumsuferfest-2016-Funksion.html\" target=\"_blank\" rel=\"noopener noreferrer\"> Museumsuferfest 2016, Konzert FUF, Funk und Fusion Frankfurt, Link zum Mitschnitt des Konzerts.<\/a><\/p><\/div>\n<h2 style=\"text-align: center;\"><span style=\"color: #339966;\">Dezember 2015<\/span><\/h2>\n<p style=\"text-align: center;\"><strong>Macondo Artcafe 20.12.2015<br \/>\n<\/strong>Passt Jazzrock, Funk und Weihnachten zusammen? Aber ja doch!<br \/>\nNeues Programm, garantiert ohne Lametta und Firlefanz.<br \/>\nNicht immer leise und beschaulich, daf\u00fcr<br \/>\nvom Weihnachtsmann pers\u00f6nlich bestellt.<\/p>\n<p style=\"text-align: center;\"><a href=\"https:\/\/josavin.de\/wordpress\/wp-content\/uploads\/2015\/02\/FUF-im-SFInstitut.jpg\"><img loading=\"lazy\" decoding=\"async\" class=\"aligncenter wp-image-901 size-full\" title=\"Musikprojekte: Funk-Rock-Jazz aus Frankfurt-Funksion\" src=\"https:\/\/josavin.de\/wordpress\/wp-content\/uploads\/2015\/02\/FUF-im-SFInstitut.jpg\" alt=\"Musikprojekte: Funk-Rock-Jazz aus Frankfurt-Funksion\" width=\"400\" height=\"348\" srcset=\"https:\/\/josavin.de\/wordpress\/wp-content\/uploads\/2015\/02\/FUF-im-SFInstitut.jpg 400w, https:\/\/josavin.de\/wordpress\/wp-content\/uploads\/2015\/02\/FUF-im-SFInstitut-300x261.jpg 300w, https:\/\/josavin.de\/wordpress\/wp-content\/uploads\/2015\/02\/FUF-im-SFInstitut-172x150.jpg 172w, https:\/\/josavin.de\/wordpress\/wp-content\/uploads\/2015\/02\/FUF-im-SFInstitut-150x131.jpg 150w\" sizes=\"auto, (max-width: 400px) 100vw, 400px\" \/><\/a><\/p>\n<h2 style=\"text-align: center;\"><\/h2>\n<p><img loading=\"lazy\" decoding=\"async\" class=\"aligncenter wp-image-338 size-full\" title=\"Musikprojekte: Funk-Rock-Jazz aus Frankfurt-Funksion\" src=\"https:\/\/josavin.de\/wordpress\/wp-content\/uploads\/2015\/02\/Funksion-mit-Typo-Band.jpg\" alt=\"Funksion 2014, Musikprojekte: Funk-Rock-Jazz aus Frankfurt-Funksion\" width=\"709\" height=\"425\" srcset=\"https:\/\/josavin.de\/wordpress\/wp-content\/uploads\/2015\/02\/Funksion-mit-Typo-Band.jpg 709w, https:\/\/josavin.de\/wordpress\/wp-content\/uploads\/2015\/02\/Funksion-mit-Typo-Band-300x180.jpg 300w, https:\/\/josavin.de\/wordpress\/wp-content\/uploads\/2015\/02\/Funksion-mit-Typo-Band-250x150.jpg 250w, https:\/\/josavin.de\/wordpress\/wp-content\/uploads\/2015\/02\/Funksion-mit-Typo-Band-150x90.jpg 150w\" sizes=\"auto, (max-width: 709px) 100vw, 709px\" \/><\/p>\n<p>&nbsp;<\/p>\n<h2 style=\"text-align: center;\"><span style=\"color: #339966;\">September 2015<\/span><\/h2>\n<p><a href=\"https:\/\/josavin.de\/wordpress\/wp-content\/uploads\/2015\/02\/FUF-im-SFInstitut.jpg\"><img loading=\"lazy\" decoding=\"async\" class=\"aligncenter wp-image-901 size-full\" title=\"Musikprojekte: Funk-Rock-Jazz aus Frankfurt-Funksion\" src=\"https:\/\/josavin.de\/wordpress\/wp-content\/uploads\/2015\/02\/FUF-im-SFInstitut.jpg\" alt=\"Funk und Fusion Frankfurt\" width=\"400\" height=\"348\" srcset=\"https:\/\/josavin.de\/wordpress\/wp-content\/uploads\/2015\/02\/FUF-im-SFInstitut.jpg 400w, https:\/\/josavin.de\/wordpress\/wp-content\/uploads\/2015\/02\/FUF-im-SFInstitut-300x261.jpg 300w, https:\/\/josavin.de\/wordpress\/wp-content\/uploads\/2015\/02\/FUF-im-SFInstitut-172x150.jpg 172w, https:\/\/josavin.de\/wordpress\/wp-content\/uploads\/2015\/02\/FUF-im-SFInstitut-150x131.jpg 150w\" sizes=\"auto, (max-width: 400px) 100vw, 400px\" \/><\/a><\/p>\n<h3 style=\"text-align: center;\">Einweihung des Psychologenzentrum, Geschlossene Gesellschaft, 18.09.2015<\/h3>\n<p style=\"text-align: center;\">Gast am Piano: Phil<\/p>\n<p>&nbsp;<\/p>\n<p style=\"text-align: center;\">Artcafe Macondo, 16.11.2014<br \/>\nFrankfurt Museumsuferfest 31.08.2014<br \/>\nArtcafe Macondo 23.03.2014<br \/>\nArtcafe Macondo\u00a021.04.2013<br \/>\n2012 und fr\u00fcher: Brotfabrik Frankfurt<br \/>\nKonzerte im Waggong Frankfurt<\/p>\n<div id=\"attachment_381\" style=\"width: 634px\" class=\"wp-caption aligncenter\"><img loading=\"lazy\" decoding=\"async\" aria-describedby=\"caption-attachment-381\" class=\"wp-image-381 size-full\" src=\"https:\/\/josavin.de\/wordpress\/wp-content\/uploads\/2015\/02\/museumsuferfest-Funksion_biss1.jpg\" alt=\"Funksion am Museumsuferfest\" width=\"624\" height=\"305\" srcset=\"https:\/\/josavin.de\/wordpress\/wp-content\/uploads\/2015\/02\/museumsuferfest-Funksion_biss1.jpg 624w, https:\/\/josavin.de\/wordpress\/wp-content\/uploads\/2015\/02\/museumsuferfest-Funksion_biss1-300x147.jpg 300w, https:\/\/josavin.de\/wordpress\/wp-content\/uploads\/2015\/02\/museumsuferfest-Funksion_biss1-250x122.jpg 250w, https:\/\/josavin.de\/wordpress\/wp-content\/uploads\/2015\/02\/museumsuferfest-Funksion_biss1-150x73.jpg 150w\" sizes=\"auto, (max-width: 624px) 100vw, 624px\" \/><p id=\"caption-attachment-381\" class=\"wp-caption-text\">Funksion am Museumsuferfest<\/p><\/div>\n<p>&nbsp;<\/p>\n<div id=\"attachment_171\" style=\"width: 574px\" class=\"wp-caption aligncenter\"><a href=\"https:\/\/josavin.de\/wordpress\/wp-content\/uploads\/2015\/02\/Funksion_inderPresse.jpg\"><img loading=\"lazy\" decoding=\"async\" aria-describedby=\"caption-attachment-171\" class=\"wp-image-171 size-full\" src=\"https:\/\/josavin.de\/wordpress\/wp-content\/uploads\/2015\/02\/Funksion_inderPresse.jpg\" alt=\"Funksion_in-der-Presse Oberurseler Woche 2012\" width=\"564\" height=\"300\" srcset=\"https:\/\/josavin.de\/wordpress\/wp-content\/uploads\/2015\/02\/Funksion_inderPresse.jpg 564w, https:\/\/josavin.de\/wordpress\/wp-content\/uploads\/2015\/02\/Funksion_inderPresse-300x160.jpg 300w, https:\/\/josavin.de\/wordpress\/wp-content\/uploads\/2015\/02\/Funksion_inderPresse-250x133.jpg 250w, https:\/\/josavin.de\/wordpress\/wp-content\/uploads\/2015\/02\/Funksion_inderPresse-150x80.jpg 150w\" sizes=\"auto, (max-width: 564px) 100vw, 564px\" \/><\/a><p id=\"caption-attachment-171\" class=\"wp-caption-text\">Funksion_in_der_Presse: Oberurseler Woche<\/p><\/div>\n","protected":false},"excerpt":{"rendered":"<p>Musikprojekte: Funk-Rock-Jazz aus Frankfurt Das Musikprojekt Funk-Rock-Jazz gibt es seit \u00fcber 15 Jahren. Die Frankfurter\u2026<\/p>\n<p> <a class=\"continue-reading-link\" href=\"https:\/\/josavin.de\/wordpress\/musikprojekte-funk-rock-jazz-aus-frankfurt\/\"><span>weter lesen<\/span><i class=\"crycon-right-dir\"><\/i><\/a> <\/p>\n","protected":false},"author":2,"featured_media":0,"parent":0,"menu_order":2,"comment_status":"closed","ping_status":"closed","template":"templates\/template-onecolumn.php","meta":{"footnotes":""},"class_list":["post-11","page","type-page","status-publish","hentry"],"_links":{"self":[{"href":"https:\/\/josavin.de\/wordpress\/wp-json\/wp\/v2\/pages\/11","targetHints":{"allow":["GET"]}}],"collection":[{"href":"https:\/\/josavin.de\/wordpress\/wp-json\/wp\/v2\/pages"}],"about":[{"href":"https:\/\/josavin.de\/wordpress\/wp-json\/wp\/v2\/types\/page"}],"author":[{"embeddable":true,"href":"https:\/\/josavin.de\/wordpress\/wp-json\/wp\/v2\/users\/2"}],"replies":[{"embeddable":true,"href":"https:\/\/josavin.de\/wordpress\/wp-json\/wp\/v2\/comments?post=11"}],"version-history":[{"count":150,"href":"https:\/\/josavin.de\/wordpress\/wp-json\/wp\/v2\/pages\/11\/revisions"}],"predecessor-version":[{"id":1266,"href":"https:\/\/josavin.de\/wordpress\/wp-json\/wp\/v2\/pages\/11\/revisions\/1266"}],"wp:attachment":[{"href":"https:\/\/josavin.de\/wordpress\/wp-json\/wp\/v2\/media?parent=11"}],"curies":[{"name":"wp","href":"https:\/\/api.w.org\/{rel}","templated":true}]}}